{"id":1848,"date":"2024-05-24T06:59:57","date_gmt":"2024-05-24T06:59:57","guid":{"rendered":"https:\/\/alamodentalcrc.com\/?page_id=1848"},"modified":"2025-07-06T08:00:40","modified_gmt":"2025-07-06T14:00:40","slug":"visita-costa-rica","status":"publish","type":"page","link":"https:\/\/www.alamodentalcrc.com\/es\/visita-costa-rica\/","title":{"rendered":"Visita Costa Rica"},"content":{"rendered":"<p><div class=\"fusion-fullwidth fullwidth-box fusion-builder-row-1 fusion-flex-container has-pattern-background has-mask-background fusion-parallax-fixed nonhundred-percent-fullwidth hundred-percent-height hundred-percent-height-center-content non-hundred-percent-height-scrolling fusion-no-small-visibility\" style=\"--awb-border-radius-top-left:0px;--awb-border-radius-top-right:0px;--awb-border-radius-bottom-right:0px;--awb-border-radius-bottom-left:0px;--awb-padding-top:0px;--awb-padding-bottom:0px;--awb-padding-top-small:71px;--awb-padding-bottom-small:70px;--awb-background-image:linear-gradient(180deg, hsla(var(--awb-color8-h),var(--awb-color8-s),var(--awb-color8-l),calc(var(--awb-color8-a) - 70%)) 0%,hsla(var(--awb-color8-h),var(--awb-color8-s),var(--awb-color8-l),calc(var(--awb-color8-a) - 70%)) 100%),url(https:\/\/www.alamodentalcrc.com\/wp-content\/uploads\/2024\/05\/costarica3.jpg);;--awb-background-size:cover;--awb-flex-wrap:wrap;background-attachment:fixed;\" ><div class=\"fusion-builder-row fusion-row fusion-flex-align-items-center fusion-flex-content-wrap\" style=\"max-width:1248px;margin-left: calc(-4% \/ 2 );margin-right: calc(-4% \/ 2 );\"><div class=\"fusion-layout-column fusion_builder_column fusion-builder-column-0 fusion_builder_column_2_3 2_3 fusion-flex-column\" style=\"--awb-bg-size:cover;--awb-width-large:66.666666666667%;--awb-margin-top-large:89px;--awb-spacing-right-large:2.88%;--awb-margin-bottom-large:0px;--awb-spacing-left-large:2.88%;--awb-width-medium:66.666666666667%;--awb-order-medium:0;--awb-spacing-right-medium:2.88%;--awb-spacing-left-medium:2.88%;--awb-width-small:100%;--awb-order-small:0;--awb-spacing-right-small:1.92%;--awb-spacing-left-small:1.92%;\"><div class=\"fusion-column-wrapper fusion-column-has-shadow fusion-flex-justify-content-flex-start fusion-content-layout-column\"><div class=\"fusion-title title fusion-title-1 fusion-no-small-visibility fusion-no-medium-visibility fusion-sep-none fusion-title-text fusion-title-size-one fusion-animated\" style=\"--awb-margin-top:0px;--awb-margin-bottom:10px;--awb-margin-top-small:10px;--awb-margin-right-small:0px;--awb-margin-bottom-small:10px;--awb-margin-left-small:0px;--awb-font-size:48px;\" data-animationType=\"fadeInLeft\" data-animationDuration=\"2.0\" data-animationOffset=\"top-into-view\"><h1 class=\"fusion-title-heading title-heading-left\" style=\"margin:0;text-transform:none;font-size:1em;line-height:1.2;\">\u00bfPor qu\u00e9 Costa Rica es un pa\u00eds especial?<\/h1><\/div><div class=\"fusion-text fusion-text-1 fusion-animated fusion-text-no-margin\" style=\"--awb-text-color:var(--awb-color1);--awb-margin-right:15%;--awb-margin-bottom:40px;\" data-animationType=\"fadeInLeft\" data-animationDuration=\"3.0\" data-animationOffset=\"top-into-view\"><p>Costa Rica comparte su belleza natural, la felicidad de su gente y una experiencia aut\u00e9ntica.<\/p>\n<\/div><\/div><\/div><\/div><\/div><div class=\"fusion-fullwidth fullwidth-box fusion-builder-row-2 fusion-flex-container has-pattern-background has-mask-background fusion-parallax-fixed nonhundred-percent-fullwidth hundred-percent-height hundred-percent-height-center-content non-hundred-percent-height-scrolling fusion-no-medium-visibility fusion-no-large-visibility\" style=\"--awb-border-radius-top-left:0px;--awb-border-radius-top-right:0px;--awb-border-radius-bottom-right:0px;--awb-border-radius-bottom-left:0px;--awb-padding-top:0px;--awb-padding-bottom:0px;--awb-padding-top-small:350px;--awb-padding-bottom-small:80px;--awb-background-image:linear-gradient(180deg, hsla(var(--awb-color8-h),var(--awb-color8-s),var(--awb-color8-l),calc(var(--awb-color8-a) - 70%)) 0%,hsla(var(--awb-color8-h),var(--awb-color8-s),var(--awb-color8-l),calc(var(--awb-color8-a) - 70%)) 100%),url(https:\/\/www.alamodentalcrc.com\/wp-content\/uploads\/2024\/05\/costarica3.jpg);;--awb-background-image-small:linear-gradient(180deg, hsla(var(--awb-color8-h),var(--awb-color8-s),var(--awb-color8-l),calc(var(--awb-color8-a) - 70%)) 0%,hsla(var(--awb-color8-h),var(--awb-color8-s),var(--awb-color8-l),calc(var(--awb-color8-a) - 70%)) 100%),url(https:\/\/www.alamodentalcrc.com\/wp-content\/uploads\/2025\/07\/visitcostaricah.jpg);;--awb-background-size:cover;--awb-background-size-small:cover;--awb-flex-wrap:wrap;background-attachment:fixed;\" ><div class=\"fusion-builder-row fusion-row fusion-flex-align-items-center fusion-flex-justify-content-center fusion-flex-content-wrap\" style=\"max-width:1248px;margin-left: calc(-4% \/ 2 );margin-right: calc(-4% \/ 2 );\"><div class=\"fusion-layout-column fusion_builder_column fusion-builder-column-1 fusion_builder_column_3_5 3_5 fusion-flex-column\" style=\"--awb-bg-size:cover;--awb-width-large:60%;--awb-margin-top-large:100px;--awb-spacing-right-large:12.8%;--awb-margin-bottom-large:0px;--awb-spacing-left-large:3.2%;--awb-width-medium:60%;--awb-order-medium:0;--awb-spacing-right-medium:12.8%;--awb-spacing-left-medium:3.2%;--awb-width-small:100%;--awb-order-small:0;--awb-spacing-right-small:1.92%;--awb-margin-bottom-small:0px;--awb-spacing-left-small:1.92%;\" data-scroll-devices=\"small-visibility,medium-visibility,large-visibility\"><div class=\"fusion-column-wrapper fusion-column-has-shadow fusion-flex-justify-content-flex-start fusion-content-layout-column\"><div class=\"fusion-title title fusion-title-2 fusion-sep-none fusion-title-text fusion-title-size-one fusion-animated\" style=\"--awb-text-color:var(--awb-color1);--awb-margin-top:0px;--awb-margin-bottom:40px;--awb-margin-top-small:10px;--awb-margin-right-small:0px;--awb-margin-bottom-small:10px;--awb-margin-left-small:0px;--awb-font-size:40px;\" data-animationType=\"fadeInLeft\" data-animationDuration=\"2.0\" data-animationOffset=\"top-into-view\"><h1 class=\"fusion-title-heading title-heading-left\" style=\"margin:0;text-transform:none;font-size:1em;line-height:1.2;\">\u00bfPor qu\u00e9 Costa Rica es un pa\u00eds especial?<\/h1><\/div><div class=\"fusion-text fusion-text-2 fusion-animated fusion-text-no-margin\" style=\"--awb-text-color:var(--awb-color1);--awb-margin-right:15%;--awb-margin-bottom:40px;\" data-animationType=\"fadeInLeft\" data-animationDuration=\"3.0\" data-animationOffset=\"top-into-view\"><p>Costa Rica comparte su belleza natural, la felicidad de su gente y una experiencia aut\u00e9ntica.<\/p>\n<\/div><\/div><\/div><\/div><\/div><div class=\"fusion-fullwidth fullwidth-box fusion-builder-row-3 fusion-flex-container has-pattern-background has-mask-background hundred-percent-fullwidth non-hundred-percent-height-scrolling\" style=\"--awb-border-radius-top-left:0px;--awb-border-radius-top-right:0px;--awb-border-radius-bottom-right:0px;--awb-border-radius-bottom-left:0px;--awb-padding-top:100px;--awb-padding-right:0px;--awb-padding-bottom:0px;--awb-padding-left:0px;--awb-padding-top-small:90px;--awb-padding-right-small:0px;--awb-padding-bottom-small:90px;--awb-padding-left-small:0px;--awb-flex-wrap:wrap;\" ><div class=\"fusion-builder-row fusion-row fusion-flex-align-items-stretch fusion-flex-content-wrap\" style=\"width:calc( 100% + 0px ) !important;max-width:calc( 100% + 0px ) !important;margin-left: calc(-0px \/ 2 );margin-right: calc(-0px \/ 2 );\"><div class=\"fusion-layout-column fusion_builder_column fusion-builder-column-2 fusion_builder_column_1_1 1_1 fusion-flex-column\" style=\"--awb-bg-size:cover;--awb-width-large:100%;--awb-margin-top-large:0px;--awb-spacing-right-large:0px;--awb-margin-bottom-large:0px;--awb-spacing-left-large:0px;--awb-width-medium:100%;--awb-order-medium:0;--awb-spacing-right-medium:0px;--awb-spacing-left-medium:0px;--awb-width-small:100%;--awb-order-small:0;--awb-spacing-right-small:0px;--awb-spacing-left-small:0px;\"><div class=\"fusion-column-wrapper fusion-column-has-shadow fusion-flex-justify-content-flex-start fusion-content-layout-column\"><div class=\"awb-circles-info icons-on-outer-circle has-box-shadow\" style=\"--awb-max-width:600px;--awb-icon-circle-color:#09823e;--awb-icon-circle-size:0px;--awb-content-circle-color:#09823e;--awb-content-padding:11px;--awb-icon-bg-color:#09823e;--awb-icon-active-color:#09823e;--awb-icon-bg-active-color:#ffffff;--awb-box-shadow-color:#000000;--awb-title-color:var(--awb-color1);--awb-title-hover-color:#09823e;--awb-gradient-start-position:0%;--awb-gradient-end-position:100%;--awb-linear-angle:180deg;--awb-radial-direction:circle at center center;--awb-content-text-transform:none;--awb-title-text-transform:none;--awb-content-circle-border-style:double;\" data-auto-rotation=\"yes\" data-auto-rotation-time=\"2500\" data-pause-on-hover=\"yes\" data-activation-type=\"mouseover\"><div class=\"awb-circles-info-wrapper\"><div class=\"awb-circles-info-icons-wrapper\"><div class=\"awb-circles-info-tab-link\" data-id=\"1\"><span><i class=\"fa-otter fas\"><\/i><\/span><\/div><div class=\"awb-circles-info-tab-link\" data-id=\"2\"><span><i class=\"fa-bolt fas\"><\/i><\/span><\/div><div class=\"awb-circles-info-tab-link\" data-id=\"3\"><span><i class=\"fa-fish fas\"><\/i><\/span><\/div><div class=\"awb-circles-info-tab-link\" data-id=\"4\"><span><i class=\"fa-user-graduate fas\"><\/i><\/span><\/div><div class=\"awb-circles-info-tab-link\" data-id=\"5\"><span><i class=\"fa-tree fas\"><\/i><\/span><\/div><div class=\"awb-circles-info-tab-link\" data-id=\"6\"><span><i class=\"fa-chalkboard-teacher fas\"><\/i><\/span><\/div><\/div><div class=\"awb-circles-info-content-wrapper\"><div class=\"awb-circle-info awb-circles-info-content-area awb-circle-info-1\" data-id=\"1\"><div class=\"awb-circles-info-title\">A pesar de ocupar solo el 0.03% de la superficie de la Tierra, Costa Rica alberga el 6.5% de la biodiversidad mundial. <\/div><div class=\"awb-circles-info-text\">Your Content Goes Here<\/div><\/div><div class=\"awb-circle-info awb-circles-info-content-area awb-circle-info-2\" data-id=\"2\"><div class=\"awb-circles-info-title\">El 95% de la energ\u00eda en Costa Rica se produce con fuentes renovables.<\/div><div class=\"awb-circles-info-text\">Your Content Goes Here<\/div><\/div><div class=\"awb-circle-info awb-circles-info-content-area awb-circle-info-3\" data-id=\"3\"><div class=\"awb-circles-info-title\">El 25% del territorio continental y el 30% del territorio marino est\u00e1n protegidos. <\/div><div class=\"awb-circles-info-text\">Your Content Goes Here<\/div><\/div><div class=\"awb-circle-info awb-circles-info-content-area awb-circle-info-4\" data-id=\"4\"><div class=\"awb-circles-info-title\">En 1948, Costa Rica se convirti\u00f3 en el primer pa\u00eds del mundo en abolir el ej\u00e9rcito e invertir esos recursos en salud y educaci\u00f3n.<\/div><div class=\"awb-circles-info-text\">Your Content Goes Here<\/div><\/div><div class=\"awb-circle-info awb-circles-info-content-area awb-circle-info-5\" data-id=\"5\"><div class=\"awb-circles-info-title\">En los a\u00f1os 80, Costa Rica eligi\u00f3 la sostenibilidad como v\u00eda de desarrollo y decidi\u00f3 aumentar la protecci\u00f3n de los bosques, lo que result\u00f3 en un aumento del PIB.<\/div><div class=\"awb-circles-info-text\">Your Content Goes Here<\/div><\/div><div class=\"awb-circle-info awb-circles-info-content-area awb-circle-info-6\" data-id=\"6\"><div class=\"awb-circles-info-title\">La educaci\u00f3n primaria en Costa Rica se hizo gratuita y obligatoria para todos los ciudadanos en 1869.<\/div><div class=\"awb-circles-info-text\">Your Content Goes Here<\/div><\/div><\/div><\/div><\/div><\/div><\/div><\/div><\/div><div class=\"fusion-fullwidth fullwidth-box fusion-builder-row-4 fusion-flex-container has-pattern-background has-mask-background hundred-percent-fullwidth non-hundred-percent-height-scrolling\" style=\"--awb-border-radius-top-left:0px;--awb-border-radius-top-right:0px;--awb-border-radius-bottom-right:0px;--awb-border-radius-bottom-left:0px;--awb-padding-top:150px;--awb-padding-right:5vw;--awb-padding-bottom:180px;--awb-padding-left:5vw;--awb-padding-top-small:90px;--awb-padding-bottom-small:90px;--awb-flex-wrap:wrap;\" ><div class=\"fusion-builder-row fusion-row fusion-flex-align-items-stretch fusion-flex-content-wrap\" style=\"width:calc( 100% + 0px ) !important;max-width:calc( 100% + 0px ) !important;margin-left: calc(-0px \/ 2 );margin-right: calc(-0px \/ 2 );\"><div class=\"fusion-layout-column fusion_builder_column fusion-builder-column-3 fusion_builder_column_1_1 1_1 fusion-flex-column\" style=\"--awb-bg-size:cover;--awb-width-large:100%;--awb-margin-top-large:0px;--awb-spacing-right-large:0px;--awb-margin-bottom-large:0px;--awb-spacing-left-large:0px;--awb-width-medium:100%;--awb-order-medium:0;--awb-spacing-right-medium:0px;--awb-spacing-left-medium:0px;--awb-width-small:100%;--awb-order-small:0;--awb-spacing-right-small:0px;--awb-spacing-left-small:0px;\"><div class=\"fusion-column-wrapper fusion-column-has-shadow fusion-flex-justify-content-flex-start fusion-content-layout-column\"><div class=\"fusion-video fusion-selfhosted-video\" style=\"align-self:center;max-width:80%;\"><div class=\"video-wrapper fusion-video-overlay\" style=\"border-radius:20px 20px 20px 20px;background-color:rgba(0,0,0,0);\"><video playsinline=\"true\" width=\"100%\" style=\"object-fit: cover;\" preload=\"auto\" controls=\"1\"><source src=\"https:\/\/alamodentalcrc.com\/wp-content\/uploads\/2024\/05\/Inteligencia-Natural.mp4\" type=\"video\/mp4\">Sorry, your browser doesn&#039;t support embedded videos.<\/video><\/div><\/div><\/div><\/div><\/div><\/div><\/p>\n","protected":false},"excerpt":{"rendered":"","protected":false},"author":1,"featured_media":0,"parent":0,"menu_order":0,"comment_status":"closed","ping_status":"closed","template":"100-width.php","meta":{"om_disable_all_campaigns":false,"_monsterinsights_skip_tracking":false,"_monsterinsights_sitenote_active":false,"_monsterinsights_sitenote_note":"","_monsterinsights_sitenote_category":0,"footnotes":""},"class_list":["post-1848","page","type-page","status-publish","hentry"],"aioseo_notices":[],"_links":{"self":[{"href":"https:\/\/www.alamodentalcrc.com\/es\/wp-json\/wp\/v2\/pages\/1848","targetHints":{"allow":["GET"]}}],"collection":[{"href":"https:\/\/www.alamodentalcrc.com\/es\/wp-json\/wp\/v2\/pages"}],"about":[{"href":"https:\/\/www.alamodentalcrc.com\/es\/wp-json\/wp\/v2\/types\/page"}],"author":[{"embeddable":true,"href":"https:\/\/www.alamodentalcrc.com\/es\/wp-json\/wp\/v2\/users\/1"}],"replies":[{"embeddable":true,"href":"https:\/\/www.alamodentalcrc.com\/es\/wp-json\/wp\/v2\/comments?post=1848"}],"version-history":[{"count":18,"href":"https:\/\/www.alamodentalcrc.com\/es\/wp-json\/wp\/v2\/pages\/1848\/revisions"}],"predecessor-version":[{"id":2058,"href":"https:\/\/www.alamodentalcrc.com\/es\/wp-json\/wp\/v2\/pages\/1848\/revisions\/2058"}],"wp:attachment":[{"href":"https:\/\/www.alamodentalcrc.com\/es\/wp-json\/wp\/v2\/media?parent=1848"}],"curies":[{"name":"wp","href":"https:\/\/api.w.org\/{rel}","templated":true}]}}